{"id":6925,"date":"2023-11-10T10:56:14","date_gmt":"2023-11-10T09:56:14","guid":{"rendered":"https:\/\/oyiana.com\/?post_type=product&#038;p=6925"},"modified":"2024-11-18T11:13:56","modified_gmt":"2024-11-18T10:13:56","slug":"microsoft-office-2021-professional-plus-cle-dactivation-1-pc-windows","status":"publish","type":"product","link":"https:\/\/oyiana.com\/en\/shop\/pack-office-microsoft\/microsoft-office-2021-professional-plus-cle-dactivation-1-pc-windows\/","title":{"rendered":"Microsoft Office 2021 Professional Plus &#8211; Cl\u00e9 d&rsquo;activation &#8211; 1 PC (WINDOWS)"},"content":{"rendered":"<p>Licence valide \u00e0 vie, valable pour 1 PC Windows, r\u00e9ception par mail du code d&rsquo;activation + lien de t\u00e9l\u00e9chargement rapide (24h maximum).<\/p>\n<p>Inclus les applications : Word, Excel, Power, Point, Outlook, OneNote, Publisher, Access<\/p>\n<p>Possibilit\u00e9 d&rsquo;\u00eatre assist\u00e9 par nos \u00e9quipes lors de l&rsquo;installation et de l&rsquo;activation du produit.<\/p>","protected":false},"excerpt":{"rendered":"<p>Licence valide \u00e0 vie, valable pour 1 PC Windows, r\u00e9ception par mail du code d&rsquo;activation + lien de t\u00e9l\u00e9chargement rapide (24h maximum). Possibilit\u00e9 d&rsquo;\u00eatre assist\u00e9 par nos \u00e9quipes lors de l&rsquo;installation et de l&rsquo;activation du produit.<\/p>","protected":false},"featured_media":6927,"comment_status":"open","ping_status":"closed","template":"","meta":{"_uag_custom_page_level_css":"","site-sidebar-layout":"default","site-content-layout":"","ast-site-content-layout":"default","site-content-style":"default","site-sidebar-style":"default","ast-global-header-display":"","ast-banner-title-visibility":"","ast-main-header-display":"","ast-hfb-above-header-display":"","ast-hfb-below-header-display":"","ast-hfb-mobile-header-display":"","site-post-title":"","ast-breadcrumbs-content":"","ast-featured-img":"","footer-sml-layout":"","ast-disable-related-posts":"","theme-transparent-header-meta":"default","adv-header-id-meta":"","stick-header-meta":"","header-above-stick-meta":"","header-main-stick-meta":"","header-below-stick-meta":"","astra-migrate-meta-layouts":"set","ast-page-background-enabled":"default","ast-page-background-meta":{"desktop":{"background-color":"","background-image":"","background-repeat":"repeat","background-position":"center center","background-size":"auto","background-attachment":"scroll","background-type":"","background-media":"","overlay-type":"","overlay-color":"","overlay-opacity":"","overlay-gradient":""},"tablet":{"background-color":"","background-image":"","background-repeat":"repeat","background-position":"center center","background-size":"auto","background-attachment":"scroll","background-type":"","background-media":"","overlay-type":"","overlay-color":"","overlay-opacity":"","overlay-gradient":""},"mobile":{"background-color":"","background-image":"","background-repeat":"repeat","background-position":"center center","background-size":"auto","background-attachment":"scroll","background-type":"","background-media":"","overlay-type":"","overlay-color":"","overlay-opacity":"","overlay-gradient":""}},"ast-content-background-meta":{"desktop":{"background-color":"var(--ast-global-color-5)","background-image":"","background-repeat":"repeat","background-position":"center center","background-size":"auto","background-attachment":"scroll","background-type":"","background-media":"","overlay-type":"","overlay-color":"","overlay-opacity":"","overlay-gradient":""},"tablet":{"background-color":"var(--ast-global-color-5)","background-image":"","background-repeat":"repeat","background-position":"center center","background-size":"auto","background-attachment":"scroll","background-type":"","background-media":"","overlay-type":"","overlay-color":"","overlay-opacity":"","overlay-gradient":""},"mobile":{"background-color":"var(--ast-global-color-5)","background-image":"","background-repeat":"repeat","background-position":"center center","background-size":"auto","background-attachment":"scroll","background-type":"","background-media":"","overlay-type":"","overlay-color":"","overlay-opacity":"","overlay-gradient":""}}},"product_brand":[],"product_cat":[93],"product_tag":[],"class_list":{"0":"post-6925","1":"product","2":"type-product","3":"status-publish","4":"has-post-thumbnail","6":"product_cat-pack-office-microsoft","7":"desktop-align-left","8":"tablet-align-left","9":"mobile-align-left","11":"first","12":"instock","13":"shipping-taxable","14":"purchasable","15":"product-type-simple"},"yoast_head":"<!-- This site is optimized with the Yoast SEO plugin v27.3 - https:\/\/yoast.com\/product\/yoast-seo-wordpress\/ -->\n<title>Microsoft Office 2021 Professional Plus - Cl\u00e9 d&#039;activation - 1 PC (WINDOWS) - Oyiana<\/title>\n<meta name=\"robots\" content=\"index, follow, max-snippet:-1, max-image-preview:large, max-video-preview:-1\" \/>\n<link rel=\"canonical\" href=\"https:\/\/oyiana.com\/en\/shop\/pack-office-microsoft\/microsoft-office-2021-professional-plus-cle-dactivation-1-pc-windows\/\" \/>\n<meta property=\"og:locale\" content=\"en_GB\" \/>\n<meta property=\"og:type\" content=\"article\" \/>\n<meta property=\"og:title\" content=\"Microsoft Office 2021 Professional Plus - Cl\u00e9 d&#039;activation - 1 PC (WINDOWS) - Oyiana\" \/>\n<meta property=\"og:description\" content=\"Licence valide \u00e0 vie, valable pour 1 PC Windows, r\u00e9ception par mail du code d&#039;activation + lien de t\u00e9l\u00e9chargement rapide (24h maximum). Possibilit\u00e9 d&#039;\u00eatre assist\u00e9 par nos \u00e9quipes lors de l&#039;installation et de l&#039;activation du produit.\" \/>\n<meta property=\"og:url\" content=\"https:\/\/oyiana.com\/en\/shop\/pack-office-microsoft\/microsoft-office-2021-professional-plus-cle-dactivation-1-pc-windows\/\" \/>\n<meta property=\"og:site_name\" content=\"Oyiana\" \/>\n<meta property=\"article:modified_time\" content=\"2024-11-18T10:13:56+00:00\" \/>\n<meta property=\"og:image\" content=\"https:\/\/oyiana.com\/wp-content\/uploads\/2023\/11\/Microsoft-Office-2021-Professional-Plus-8YVgLp.png\" \/>\n\t<meta property=\"og:image:width\" content=\"700\" \/>\n\t<meta property=\"og:image:height\" content=\"700\" \/>\n\t<meta property=\"og:image:type\" content=\"image\/png\" \/>\n<meta name=\"twitter:card\" content=\"summary_large_image\" \/>\n<meta name=\"twitter:label1\" content=\"Estimated reading time\" \/>\n\t<meta name=\"twitter:data1\" content=\"1 minute\" \/>\n<script type=\"application\/ld+json\" class=\"yoast-schema-graph\">{\"@context\":\"https:\\\/\\\/schema.org\",\"@graph\":[{\"@type\":\"WebPage\",\"@id\":\"https:\\\/\\\/oyiana.com\\\/shop\\\/pack-office-microsoft\\\/microsoft-office-2021-professional-plus-cle-dactivation-1-pc-windows\\\/\",\"url\":\"https:\\\/\\\/oyiana.com\\\/shop\\\/pack-office-microsoft\\\/microsoft-office-2021-professional-plus-cle-dactivation-1-pc-windows\\\/\",\"name\":\"Microsoft Office 2021 Professional Plus - Cl\u00e9 d'activation - 1 PC (WINDOWS) - Oyiana\",\"isPartOf\":{\"@id\":\"https:\\\/\\\/oyiana.com\\\/fr\\\/#website\"},\"primaryImageOfPage\":{\"@id\":\"https:\\\/\\\/oyiana.com\\\/shop\\\/pack-office-microsoft\\\/microsoft-office-2021-professional-plus-cle-dactivation-1-pc-windows\\\/#primaryimage\"},\"image\":{\"@id\":\"https:\\\/\\\/oyiana.com\\\/shop\\\/pack-office-microsoft\\\/microsoft-office-2021-professional-plus-cle-dactivation-1-pc-windows\\\/#primaryimage\"},\"thumbnailUrl\":\"https:\\\/\\\/oyiana.com\\\/wp-content\\\/uploads\\\/2023\\\/11\\\/Microsoft-Office-2021-Professional-Plus-8YVgLp.png\",\"datePublished\":\"2023-11-10T09:56:14+00:00\",\"dateModified\":\"2024-11-18T10:13:56+00:00\",\"breadcrumb\":{\"@id\":\"https:\\\/\\\/oyiana.com\\\/shop\\\/pack-office-microsoft\\\/microsoft-office-2021-professional-plus-cle-dactivation-1-pc-windows\\\/#breadcrumb\"},\"inLanguage\":\"en-GB\",\"potentialAction\":[{\"@type\":\"ReadAction\",\"target\":[\"https:\\\/\\\/oyiana.com\\\/shop\\\/pack-office-microsoft\\\/microsoft-office-2021-professional-plus-cle-dactivation-1-pc-windows\\\/\"]}]},{\"@type\":\"ImageObject\",\"inLanguage\":\"en-GB\",\"@id\":\"https:\\\/\\\/oyiana.com\\\/shop\\\/pack-office-microsoft\\\/microsoft-office-2021-professional-plus-cle-dactivation-1-pc-windows\\\/#primaryimage\",\"url\":\"https:\\\/\\\/oyiana.com\\\/wp-content\\\/uploads\\\/2023\\\/11\\\/Microsoft-Office-2021-Professional-Plus-8YVgLp.png\",\"contentUrl\":\"https:\\\/\\\/oyiana.com\\\/wp-content\\\/uploads\\\/2023\\\/11\\\/Microsoft-Office-2021-Professional-Plus-8YVgLp.png\",\"width\":700,\"height\":700},{\"@type\":\"BreadcrumbList\",\"@id\":\"https:\\\/\\\/oyiana.com\\\/shop\\\/pack-office-microsoft\\\/microsoft-office-2021-professional-plus-cle-dactivation-1-pc-windows\\\/#breadcrumb\",\"itemListElement\":[{\"@type\":\"ListItem\",\"position\":1,\"name\":\"Accueil\",\"item\":\"https:\\\/\\\/oyiana.com\\\/fr\\\/\"},{\"@type\":\"ListItem\",\"position\":2,\"name\":\"Shop Redir\",\"item\":\"https:\\\/\\\/oyiana.com\\\/shop-redir\\\/\"},{\"@type\":\"ListItem\",\"position\":3,\"name\":\"Microsoft Office 2021 Professional Plus &#8211; Cl\u00e9 d&rsquo;activation &#8211; 1 PC (WINDOWS)\"}]},{\"@type\":\"WebSite\",\"@id\":\"https:\\\/\\\/oyiana.com\\\/fr\\\/#website\",\"url\":\"https:\\\/\\\/oyiana.com\\\/fr\\\/\",\"name\":\"Oyiana\",\"description\":\"Oyiana pour promouvoir votre visibilit\u00e9 en ligne\",\"publisher\":{\"@id\":\"https:\\\/\\\/oyiana.com\\\/fr\\\/#organization\"},\"potentialAction\":[{\"@type\":\"SearchAction\",\"target\":{\"@type\":\"EntryPoint\",\"urlTemplate\":\"https:\\\/\\\/oyiana.com\\\/fr\\\/?s={search_term_string}\"},\"query-input\":{\"@type\":\"PropertyValueSpecification\",\"valueRequired\":true,\"valueName\":\"search_term_string\"}}],\"inLanguage\":\"en-GB\"},{\"@type\":\"Organization\",\"@id\":\"https:\\\/\\\/oyiana.com\\\/fr\\\/#organization\",\"name\":\"Oyiana\",\"url\":\"https:\\\/\\\/oyiana.com\\\/fr\\\/\",\"logo\":{\"@type\":\"ImageObject\",\"inLanguage\":\"en-GB\",\"@id\":\"https:\\\/\\\/oyiana.com\\\/fr\\\/#\\\/schema\\\/logo\\\/image\\\/\",\"url\":\"https:\\\/\\\/oyiana.com\\\/wp-content\\\/uploads\\\/2021\\\/03\\\/cropped-logo.png\",\"contentUrl\":\"https:\\\/\\\/oyiana.com\\\/wp-content\\\/uploads\\\/2021\\\/03\\\/cropped-logo.png\",\"width\":512,\"height\":512,\"caption\":\"Oyiana\"},\"image\":{\"@id\":\"https:\\\/\\\/oyiana.com\\\/fr\\\/#\\\/schema\\\/logo\\\/image\\\/\"}}]}<\/script>\n<!-- \/ Yoast SEO plugin. -->","yoast_head_json":{"title":"Microsoft Office 2021 Professional Plus - Cl\u00e9 d'activation - 1 PC (WINDOWS) - Oyiana","robots":{"index":"index","follow":"follow","max-snippet":"max-snippet:-1","max-image-preview":"max-image-preview:large","max-video-preview":"max-video-preview:-1"},"canonical":"https:\/\/oyiana.com\/en\/shop\/pack-office-microsoft\/microsoft-office-2021-professional-plus-cle-dactivation-1-pc-windows\/","og_locale":"en_GB","og_type":"article","og_title":"Microsoft Office 2021 Professional Plus - Cl\u00e9 d'activation - 1 PC (WINDOWS) - Oyiana","og_description":"Licence valide \u00e0 vie, valable pour 1 PC Windows, r\u00e9ception par mail du code d'activation + lien de t\u00e9l\u00e9chargement rapide (24h maximum). Possibilit\u00e9 d'\u00eatre assist\u00e9 par nos \u00e9quipes lors de l'installation et de l'activation du produit.","og_url":"https:\/\/oyiana.com\/en\/shop\/pack-office-microsoft\/microsoft-office-2021-professional-plus-cle-dactivation-1-pc-windows\/","og_site_name":"Oyiana","article_modified_time":"2024-11-18T10:13:56+00:00","og_image":[{"width":700,"height":700,"url":"https:\/\/oyiana.com\/wp-content\/uploads\/2023\/11\/Microsoft-Office-2021-Professional-Plus-8YVgLp.png","type":"image\/png"}],"twitter_card":"summary_large_image","twitter_misc":{"Estimated reading time":"1 minute"},"schema":{"@context":"https:\/\/schema.org","@graph":[{"@type":"WebPage","@id":"https:\/\/oyiana.com\/shop\/pack-office-microsoft\/microsoft-office-2021-professional-plus-cle-dactivation-1-pc-windows\/","url":"https:\/\/oyiana.com\/shop\/pack-office-microsoft\/microsoft-office-2021-professional-plus-cle-dactivation-1-pc-windows\/","name":"Microsoft Office 2021 Professional Plus - Cl\u00e9 d'activation - 1 PC (WINDOWS) - Oyiana","isPartOf":{"@id":"https:\/\/oyiana.com\/fr\/#website"},"primaryImageOfPage":{"@id":"https:\/\/oyiana.com\/shop\/pack-office-microsoft\/microsoft-office-2021-professional-plus-cle-dactivation-1-pc-windows\/#primaryimage"},"image":{"@id":"https:\/\/oyiana.com\/shop\/pack-office-microsoft\/microsoft-office-2021-professional-plus-cle-dactivation-1-pc-windows\/#primaryimage"},"thumbnailUrl":"https:\/\/oyiana.com\/wp-content\/uploads\/2023\/11\/Microsoft-Office-2021-Professional-Plus-8YVgLp.png","datePublished":"2023-11-10T09:56:14+00:00","dateModified":"2024-11-18T10:13:56+00:00","breadcrumb":{"@id":"https:\/\/oyiana.com\/shop\/pack-office-microsoft\/microsoft-office-2021-professional-plus-cle-dactivation-1-pc-windows\/#breadcrumb"},"inLanguage":"en-GB","potentialAction":[{"@type":"ReadAction","target":["https:\/\/oyiana.com\/shop\/pack-office-microsoft\/microsoft-office-2021-professional-plus-cle-dactivation-1-pc-windows\/"]}]},{"@type":"ImageObject","inLanguage":"en-GB","@id":"https:\/\/oyiana.com\/shop\/pack-office-microsoft\/microsoft-office-2021-professional-plus-cle-dactivation-1-pc-windows\/#primaryimage","url":"https:\/\/oyiana.com\/wp-content\/uploads\/2023\/11\/Microsoft-Office-2021-Professional-Plus-8YVgLp.png","contentUrl":"https:\/\/oyiana.com\/wp-content\/uploads\/2023\/11\/Microsoft-Office-2021-Professional-Plus-8YVgLp.png","width":700,"height":700},{"@type":"BreadcrumbList","@id":"https:\/\/oyiana.com\/shop\/pack-office-microsoft\/microsoft-office-2021-professional-plus-cle-dactivation-1-pc-windows\/#breadcrumb","itemListElement":[{"@type":"ListItem","position":1,"name":"Accueil","item":"https:\/\/oyiana.com\/fr\/"},{"@type":"ListItem","position":2,"name":"Shop Redir","item":"https:\/\/oyiana.com\/shop-redir\/"},{"@type":"ListItem","position":3,"name":"Microsoft Office 2021 Professional Plus &#8211; Cl\u00e9 d&rsquo;activation &#8211; 1 PC (WINDOWS)"}]},{"@type":"WebSite","@id":"https:\/\/oyiana.com\/fr\/#website","url":"https:\/\/oyiana.com\/fr\/","name":"Oyiana","description":"Oyiana to promote your online visibility","publisher":{"@id":"https:\/\/oyiana.com\/fr\/#organization"},"potentialAction":[{"@type":"SearchAction","target":{"@type":"EntryPoint","urlTemplate":"https:\/\/oyiana.com\/fr\/?s={search_term_string}"},"query-input":{"@type":"PropertyValueSpecification","valueRequired":true,"valueName":"search_term_string"}}],"inLanguage":"en-GB"},{"@type":"Organization","@id":"https:\/\/oyiana.com\/fr\/#organization","name":"Oyiana","url":"https:\/\/oyiana.com\/fr\/","logo":{"@type":"ImageObject","inLanguage":"en-GB","@id":"https:\/\/oyiana.com\/fr\/#\/schema\/logo\/image\/","url":"https:\/\/oyiana.com\/wp-content\/uploads\/2021\/03\/cropped-logo.png","contentUrl":"https:\/\/oyiana.com\/wp-content\/uploads\/2021\/03\/cropped-logo.png","width":512,"height":512,"caption":"Oyiana"},"image":{"@id":"https:\/\/oyiana.com\/fr\/#\/schema\/logo\/image\/"}}]}},"uagb_featured_image_src":{"full":["https:\/\/oyiana.com\/wp-content\/uploads\/2023\/11\/Microsoft-Office-2021-Professional-Plus-8YVgLp.png",700,700,false],"thumbnail":["https:\/\/oyiana.com\/wp-content\/uploads\/2023\/11\/Microsoft-Office-2021-Professional-Plus-8YVgLp-150x150.png",150,150,true],"medium":["https:\/\/oyiana.com\/wp-content\/uploads\/2023\/11\/Microsoft-Office-2021-Professional-Plus-8YVgLp-300x300.png",300,300,true],"medium_large":["https:\/\/oyiana.com\/wp-content\/uploads\/2023\/11\/Microsoft-Office-2021-Professional-Plus-8YVgLp.png",700,700,false],"large":["https:\/\/oyiana.com\/wp-content\/uploads\/2023\/11\/Microsoft-Office-2021-Professional-Plus-8YVgLp.png",700,700,false],"1536x1536":["https:\/\/oyiana.com\/wp-content\/uploads\/2023\/11\/Microsoft-Office-2021-Professional-Plus-8YVgLp.png",700,700,false],"2048x2048":["https:\/\/oyiana.com\/wp-content\/uploads\/2023\/11\/Microsoft-Office-2021-Professional-Plus-8YVgLp.png",700,700,false],"trp-custom-language-flag":["https:\/\/oyiana.com\/wp-content\/uploads\/2023\/11\/Microsoft-Office-2021-Professional-Plus-8YVgLp-12x12.png",12,12,true],"woocommerce_thumbnail":["https:\/\/oyiana.com\/wp-content\/uploads\/2023\/11\/Microsoft-Office-2021-Professional-Plus-8YVgLp-300x300.png",300,300,true],"woocommerce_single":["https:\/\/oyiana.com\/wp-content\/uploads\/2023\/11\/Microsoft-Office-2021-Professional-Plus-8YVgLp-600x600.png",600,600,true],"woocommerce_gallery_thumbnail":["https:\/\/oyiana.com\/wp-content\/uploads\/2023\/11\/Microsoft-Office-2021-Professional-Plus-8YVgLp-100x100.png",100,100,true],"dgwt-wcas-product-suggestion":["https:\/\/oyiana.com\/wp-content\/uploads\/2023\/11\/Microsoft-Office-2021-Professional-Plus-8YVgLp.png",64,64,false]},"uagb_author_info":{"display_name":"Oyiana Agency","author_link":"https:\/\/oyiana.com\/en\/blog\/author\/"},"uagb_comment_info":22,"uagb_excerpt":"Licence valide \u00e0 vie, valable pour 1 PC Windows, r\u00e9ception par mail du code d'activation + lien de t\u00e9l\u00e9chargement rapide (24h maximum). Possibilit\u00e9 d'\u00eatre assist\u00e9 par nos \u00e9quipes lors de l'installation et de l'activation du produit.","_links":{"self":[{"href":"https:\/\/oyiana.com\/en\/wp-json\/wp\/v2\/product\/6925","targetHints":{"allow":["GET"]}}],"collection":[{"href":"https:\/\/oyiana.com\/en\/wp-json\/wp\/v2\/product"}],"about":[{"href":"https:\/\/oyiana.com\/en\/wp-json\/wp\/v2\/types\/product"}],"replies":[{"embeddable":true,"href":"https:\/\/oyiana.com\/en\/wp-json\/wp\/v2\/comments?post=6925"}],"wp:featuredmedia":[{"embeddable":true,"href":"https:\/\/oyiana.com\/en\/wp-json\/wp\/v2\/media\/6927"}],"wp:attachment":[{"href":"https:\/\/oyiana.com\/en\/wp-json\/wp\/v2\/media?parent=6925"}],"wp:term":[{"taxonomy":"product_brand","embeddable":true,"href":"https:\/\/oyiana.com\/en\/wp-json\/wp\/v2\/product_brand?post=6925"},{"taxonomy":"product_cat","embeddable":true,"href":"https:\/\/oyiana.com\/en\/wp-json\/wp\/v2\/product_cat?post=6925"},{"taxonomy":"product_tag","embeddable":true,"href":"https:\/\/oyiana.com\/en\/wp-json\/wp\/v2\/product_tag?post=6925"}],"curies":[{"name":"wp","href":"https:\/\/api.w.org\/{rel}","templated":true}]}}