{"id":6930,"date":"2023-11-10T11:02:51","date_gmt":"2023-11-10T10:02:51","guid":{"rendered":"https:\/\/oyiana.com\/?post_type=product&#038;p=6930"},"modified":"2025-02-17T14:41:10","modified_gmt":"2025-02-17T13:41:10","slug":"licence-microsoft-windows-11-pro-1-pc-cle-dactivation","status":"publish","type":"product","link":"https:\/\/oyiana.com\/en\/shop\/windows\/licence-microsoft-windows-11-pro-1-pc-cle-dactivation\/","title":{"rendered":"Licence Microsoft Windows 11 Pro &#8211; 1 PC &#8211; Cl\u00e9 d&rsquo;activation"},"content":{"rendered":"<p>Licence valide \u00e0 vie, valable pour 1 PC, r\u00e9ception par mail du code d&rsquo;activation + lien de t\u00e9l\u00e9chargement rapide (24h maximum).<\/p>\n<p>Possibilit\u00e9 d&rsquo;\u00eatre assist\u00e9 par nos \u00e9quipes lors de l&rsquo;installation et de l&rsquo;activation du produit.<\/p>","protected":false},"excerpt":{"rendered":"<p>Licence valide \u00e0 vie, valable pour 1 PC, r\u00e9ception par mail du code d&rsquo;activation + lien de t\u00e9l\u00e9chargement rapide (24h maximum). Possibilit\u00e9 d&rsquo;\u00eatre assist\u00e9 par nos \u00e9quipes lors de l&rsquo;installation et de l&rsquo;activation du produit.<\/p>","protected":false},"featured_media":6928,"comment_status":"open","ping_status":"closed","template":"","meta":{"_uag_custom_page_level_css":"","site-sidebar-layout":"default","site-content-layout":"","ast-site-content-layout":"default","site-content-style":"default","site-sidebar-style":"default","ast-global-header-display":"","ast-banner-title-visibility":"","ast-main-header-display":"","ast-hfb-above-header-display":"","ast-hfb-below-header-display":"","ast-hfb-mobile-header-display":"","site-post-title":"","ast-breadcrumbs-content":"","ast-featured-img":"","footer-sml-layout":"","ast-disable-related-posts":"","theme-transparent-header-meta":"default","adv-header-id-meta":"","stick-header-meta":"","header-above-stick-meta":"","header-main-stick-meta":"","header-below-stick-meta":"","astra-migrate-meta-layouts":"set","ast-page-background-enabled":"default","ast-page-background-meta":{"desktop":{"background-color":"","background-image":"","background-repeat":"repeat","background-position":"center center","background-size":"auto","background-attachment":"scroll","background-type":"","background-media":"","overlay-type":"","overlay-color":"","overlay-opacity":"","overlay-gradient":""},"tablet":{"background-color":"","background-image":"","background-repeat":"repeat","background-position":"center center","background-size":"auto","background-attachment":"scroll","background-type":"","background-media":"","overlay-type":"","overlay-color":"","overlay-opacity":"","overlay-gradient":""},"mobile":{"background-color":"","background-image":"","background-repeat":"repeat","background-position":"center center","background-size":"auto","background-attachment":"scroll","background-type":"","background-media":"","overlay-type":"","overlay-color":"","overlay-opacity":"","overlay-gradient":""}},"ast-content-background-meta":{"desktop":{"background-color":"var(--ast-global-color-5)","background-image":"","background-repeat":"repeat","background-position":"center center","background-size":"auto","background-attachment":"scroll","background-type":"","background-media":"","overlay-type":"","overlay-color":"","overlay-opacity":"","overlay-gradient":""},"tablet":{"background-color":"var(--ast-global-color-5)","background-image":"","background-repeat":"repeat","background-position":"center center","background-size":"auto","background-attachment":"scroll","background-type":"","background-media":"","overlay-type":"","overlay-color":"","overlay-opacity":"","overlay-gradient":""},"mobile":{"background-color":"var(--ast-global-color-5)","background-image":"","background-repeat":"repeat","background-position":"center center","background-size":"auto","background-attachment":"scroll","background-type":"","background-media":"","overlay-type":"","overlay-color":"","overlay-opacity":"","overlay-gradient":""}}},"product_brand":[],"product_cat":[94],"product_tag":[],"class_list":{"0":"post-6930","1":"product","2":"type-product","3":"status-publish","4":"has-post-thumbnail","6":"product_cat-windows","7":"desktop-align-left","8":"tablet-align-left","9":"mobile-align-left","11":"first","12":"instock","13":"shipping-taxable","14":"purchasable","15":"product-type-simple"},"yoast_head":"<!-- This site is optimized with the Yoast SEO plugin v27.3 - https:\/\/yoast.com\/product\/yoast-seo-wordpress\/ -->\n<title>Licence Microsoft Windows 11 Pro - 1 PC - Cl\u00e9 d&#039;activation - Oyiana<\/title>\n<meta name=\"robots\" content=\"index, follow, max-snippet:-1, max-image-preview:large, max-video-preview:-1\" \/>\n<link rel=\"canonical\" href=\"https:\/\/oyiana.com\/en\/shop\/windows\/licence-microsoft-windows-11-pro-1-pc-cle-dactivation\/\" \/>\n<meta property=\"og:locale\" content=\"en_GB\" \/>\n<meta property=\"og:type\" content=\"article\" \/>\n<meta property=\"og:title\" content=\"Licence Microsoft Windows 11 Pro - 1 PC - Cl\u00e9 d&#039;activation - Oyiana\" \/>\n<meta property=\"og:description\" content=\"Licence valide \u00e0 vie, valable pour 1 PC, r\u00e9ception par mail du code d&#039;activation + lien de t\u00e9l\u00e9chargement rapide (24h maximum). Possibilit\u00e9 d&#039;\u00eatre assist\u00e9 par nos \u00e9quipes lors de l&#039;installation et de l&#039;activation du produit.\" \/>\n<meta property=\"og:url\" content=\"https:\/\/oyiana.com\/en\/shop\/windows\/licence-microsoft-windows-11-pro-1-pc-cle-dactivation\/\" \/>\n<meta property=\"og:site_name\" content=\"Oyiana\" \/>\n<meta property=\"article:modified_time\" content=\"2025-02-17T13:41:10+00:00\" \/>\n<meta property=\"og:image\" content=\"https:\/\/oyiana.com\/wp-content\/uploads\/2023\/11\/Windows_11_Pro.jpeg\" \/>\n\t<meta property=\"og:image:width\" content=\"1200\" \/>\n\t<meta property=\"og:image:height\" content=\"1200\" \/>\n\t<meta property=\"og:image:type\" content=\"image\/jpeg\" \/>\n<meta name=\"twitter:card\" content=\"summary_large_image\" \/>\n<meta name=\"twitter:label1\" content=\"Estimated reading time\" \/>\n\t<meta name=\"twitter:data1\" content=\"1 minute\" \/>\n<script type=\"application\/ld+json\" class=\"yoast-schema-graph\">{\"@context\":\"https:\\\/\\\/schema.org\",\"@graph\":[{\"@type\":\"WebPage\",\"@id\":\"https:\\\/\\\/oyiana.com\\\/shop\\\/windows\\\/licence-microsoft-windows-11-pro-1-pc-cle-dactivation\\\/\",\"url\":\"https:\\\/\\\/oyiana.com\\\/shop\\\/windows\\\/licence-microsoft-windows-11-pro-1-pc-cle-dactivation\\\/\",\"name\":\"Licence Microsoft Windows 11 Pro - 1 PC - Cl\u00e9 d'activation - Oyiana\",\"isPartOf\":{\"@id\":\"https:\\\/\\\/oyiana.com\\\/fr\\\/#website\"},\"primaryImageOfPage\":{\"@id\":\"https:\\\/\\\/oyiana.com\\\/shop\\\/windows\\\/licence-microsoft-windows-11-pro-1-pc-cle-dactivation\\\/#primaryimage\"},\"image\":{\"@id\":\"https:\\\/\\\/oyiana.com\\\/shop\\\/windows\\\/licence-microsoft-windows-11-pro-1-pc-cle-dactivation\\\/#primaryimage\"},\"thumbnailUrl\":\"https:\\\/\\\/oyiana.com\\\/wp-content\\\/uploads\\\/2023\\\/11\\\/Windows_11_Pro.jpeg\",\"datePublished\":\"2023-11-10T10:02:51+00:00\",\"dateModified\":\"2025-02-17T13:41:10+00:00\",\"breadcrumb\":{\"@id\":\"https:\\\/\\\/oyiana.com\\\/shop\\\/windows\\\/licence-microsoft-windows-11-pro-1-pc-cle-dactivation\\\/#breadcrumb\"},\"inLanguage\":\"en-GB\",\"potentialAction\":[{\"@type\":\"ReadAction\",\"target\":[\"https:\\\/\\\/oyiana.com\\\/shop\\\/windows\\\/licence-microsoft-windows-11-pro-1-pc-cle-dactivation\\\/\"]}]},{\"@type\":\"ImageObject\",\"inLanguage\":\"en-GB\",\"@id\":\"https:\\\/\\\/oyiana.com\\\/shop\\\/windows\\\/licence-microsoft-windows-11-pro-1-pc-cle-dactivation\\\/#primaryimage\",\"url\":\"https:\\\/\\\/oyiana.com\\\/wp-content\\\/uploads\\\/2023\\\/11\\\/Windows_11_Pro.jpeg\",\"contentUrl\":\"https:\\\/\\\/oyiana.com\\\/wp-content\\\/uploads\\\/2023\\\/11\\\/Windows_11_Pro.jpeg\",\"width\":1200,\"height\":1200},{\"@type\":\"BreadcrumbList\",\"@id\":\"https:\\\/\\\/oyiana.com\\\/shop\\\/windows\\\/licence-microsoft-windows-11-pro-1-pc-cle-dactivation\\\/#breadcrumb\",\"itemListElement\":[{\"@type\":\"ListItem\",\"position\":1,\"name\":\"Accueil\",\"item\":\"https:\\\/\\\/oyiana.com\\\/fr\\\/\"},{\"@type\":\"ListItem\",\"position\":2,\"name\":\"Shop Redir\",\"item\":\"https:\\\/\\\/oyiana.com\\\/shop-redir\\\/\"},{\"@type\":\"ListItem\",\"position\":3,\"name\":\"Licence Microsoft Windows 11 Pro &#8211; 1 PC &#8211; Cl\u00e9...\"}]},{\"@type\":\"WebSite\",\"@id\":\"https:\\\/\\\/oyiana.com\\\/fr\\\/#website\",\"url\":\"https:\\\/\\\/oyiana.com\\\/fr\\\/\",\"name\":\"Oyiana\",\"description\":\"Oyiana pour promouvoir votre visibilit\u00e9 en ligne\",\"publisher\":{\"@id\":\"https:\\\/\\\/oyiana.com\\\/fr\\\/#organization\"},\"potentialAction\":[{\"@type\":\"SearchAction\",\"target\":{\"@type\":\"EntryPoint\",\"urlTemplate\":\"https:\\\/\\\/oyiana.com\\\/fr\\\/?s={search_term_string}\"},\"query-input\":{\"@type\":\"PropertyValueSpecification\",\"valueRequired\":true,\"valueName\":\"search_term_string\"}}],\"inLanguage\":\"en-GB\"},{\"@type\":\"Organization\",\"@id\":\"https:\\\/\\\/oyiana.com\\\/fr\\\/#organization\",\"name\":\"Oyiana\",\"url\":\"https:\\\/\\\/oyiana.com\\\/fr\\\/\",\"logo\":{\"@type\":\"ImageObject\",\"inLanguage\":\"en-GB\",\"@id\":\"https:\\\/\\\/oyiana.com\\\/fr\\\/#\\\/schema\\\/logo\\\/image\\\/\",\"url\":\"https:\\\/\\\/oyiana.com\\\/wp-content\\\/uploads\\\/2021\\\/03\\\/cropped-logo.png\",\"contentUrl\":\"https:\\\/\\\/oyiana.com\\\/wp-content\\\/uploads\\\/2021\\\/03\\\/cropped-logo.png\",\"width\":512,\"height\":512,\"caption\":\"Oyiana\"},\"image\":{\"@id\":\"https:\\\/\\\/oyiana.com\\\/fr\\\/#\\\/schema\\\/logo\\\/image\\\/\"}}]}<\/script>\n<!-- \/ Yoast SEO plugin. -->","yoast_head_json":{"title":"Licence Microsoft Windows 11 Pro - 1 PC - Cl\u00e9 d'activation - Oyiana","robots":{"index":"index","follow":"follow","max-snippet":"max-snippet:-1","max-image-preview":"max-image-preview:large","max-video-preview":"max-video-preview:-1"},"canonical":"https:\/\/oyiana.com\/en\/shop\/windows\/licence-microsoft-windows-11-pro-1-pc-cle-dactivation\/","og_locale":"en_GB","og_type":"article","og_title":"Licence Microsoft Windows 11 Pro - 1 PC - Cl\u00e9 d'activation - Oyiana","og_description":"Licence valide \u00e0 vie, valable pour 1 PC, r\u00e9ception par mail du code d'activation + lien de t\u00e9l\u00e9chargement rapide (24h maximum). Possibilit\u00e9 d'\u00eatre assist\u00e9 par nos \u00e9quipes lors de l'installation et de l'activation du produit.","og_url":"https:\/\/oyiana.com\/en\/shop\/windows\/licence-microsoft-windows-11-pro-1-pc-cle-dactivation\/","og_site_name":"Oyiana","article_modified_time":"2025-02-17T13:41:10+00:00","og_image":[{"width":1200,"height":1200,"url":"https:\/\/oyiana.com\/wp-content\/uploads\/2023\/11\/Windows_11_Pro.jpeg","type":"image\/jpeg"}],"twitter_card":"summary_large_image","twitter_misc":{"Estimated reading time":"1 minute"},"schema":{"@context":"https:\/\/schema.org","@graph":[{"@type":"WebPage","@id":"https:\/\/oyiana.com\/shop\/windows\/licence-microsoft-windows-11-pro-1-pc-cle-dactivation\/","url":"https:\/\/oyiana.com\/shop\/windows\/licence-microsoft-windows-11-pro-1-pc-cle-dactivation\/","name":"Licence Microsoft Windows 11 Pro - 1 PC - Cl\u00e9 d'activation - Oyiana","isPartOf":{"@id":"https:\/\/oyiana.com\/fr\/#website"},"primaryImageOfPage":{"@id":"https:\/\/oyiana.com\/shop\/windows\/licence-microsoft-windows-11-pro-1-pc-cle-dactivation\/#primaryimage"},"image":{"@id":"https:\/\/oyiana.com\/shop\/windows\/licence-microsoft-windows-11-pro-1-pc-cle-dactivation\/#primaryimage"},"thumbnailUrl":"https:\/\/oyiana.com\/wp-content\/uploads\/2023\/11\/Windows_11_Pro.jpeg","datePublished":"2023-11-10T10:02:51+00:00","dateModified":"2025-02-17T13:41:10+00:00","breadcrumb":{"@id":"https:\/\/oyiana.com\/shop\/windows\/licence-microsoft-windows-11-pro-1-pc-cle-dactivation\/#breadcrumb"},"inLanguage":"en-GB","potentialAction":[{"@type":"ReadAction","target":["https:\/\/oyiana.com\/shop\/windows\/licence-microsoft-windows-11-pro-1-pc-cle-dactivation\/"]}]},{"@type":"ImageObject","inLanguage":"en-GB","@id":"https:\/\/oyiana.com\/shop\/windows\/licence-microsoft-windows-11-pro-1-pc-cle-dactivation\/#primaryimage","url":"https:\/\/oyiana.com\/wp-content\/uploads\/2023\/11\/Windows_11_Pro.jpeg","contentUrl":"https:\/\/oyiana.com\/wp-content\/uploads\/2023\/11\/Windows_11_Pro.jpeg","width":1200,"height":1200},{"@type":"BreadcrumbList","@id":"https:\/\/oyiana.com\/shop\/windows\/licence-microsoft-windows-11-pro-1-pc-cle-dactivation\/#breadcrumb","itemListElement":[{"@type":"ListItem","position":1,"name":"Accueil","item":"https:\/\/oyiana.com\/fr\/"},{"@type":"ListItem","position":2,"name":"Shop Redir","item":"https:\/\/oyiana.com\/shop-redir\/"},{"@type":"ListItem","position":3,"name":"Licence Microsoft Windows 11 Pro &#8211; 1 PC &#8211; Cl\u00e9..."}]},{"@type":"WebSite","@id":"https:\/\/oyiana.com\/fr\/#website","url":"https:\/\/oyiana.com\/fr\/","name":"Oyiana","description":"Oyiana to promote your online visibility","publisher":{"@id":"https:\/\/oyiana.com\/fr\/#organization"},"potentialAction":[{"@type":"SearchAction","target":{"@type":"EntryPoint","urlTemplate":"https:\/\/oyiana.com\/fr\/?s={search_term_string}"},"query-input":{"@type":"PropertyValueSpecification","valueRequired":true,"valueName":"search_term_string"}}],"inLanguage":"en-GB"},{"@type":"Organization","@id":"https:\/\/oyiana.com\/fr\/#organization","name":"Oyiana","url":"https:\/\/oyiana.com\/fr\/","logo":{"@type":"ImageObject","inLanguage":"en-GB","@id":"https:\/\/oyiana.com\/fr\/#\/schema\/logo\/image\/","url":"https:\/\/oyiana.com\/wp-content\/uploads\/2021\/03\/cropped-logo.png","contentUrl":"https:\/\/oyiana.com\/wp-content\/uploads\/2021\/03\/cropped-logo.png","width":512,"height":512,"caption":"Oyiana"},"image":{"@id":"https:\/\/oyiana.com\/fr\/#\/schema\/logo\/image\/"}}]}},"uagb_featured_image_src":{"full":["https:\/\/oyiana.com\/wp-content\/uploads\/2023\/11\/Windows_11_Pro.jpeg",1200,1200,false],"thumbnail":["https:\/\/oyiana.com\/wp-content\/uploads\/2023\/11\/Windows_11_Pro-150x150.jpeg",150,150,true],"medium":["https:\/\/oyiana.com\/wp-content\/uploads\/2023\/11\/Windows_11_Pro-300x300.jpeg",300,300,true],"medium_large":["https:\/\/oyiana.com\/wp-content\/uploads\/2023\/11\/Windows_11_Pro-768x768.jpeg",768,768,true],"large":["https:\/\/oyiana.com\/wp-content\/uploads\/2023\/11\/Windows_11_Pro-1024x1024.jpeg",1024,1024,true],"1536x1536":["https:\/\/oyiana.com\/wp-content\/uploads\/2023\/11\/Windows_11_Pro.jpeg",1200,1200,false],"2048x2048":["https:\/\/oyiana.com\/wp-content\/uploads\/2023\/11\/Windows_11_Pro.jpeg",1200,1200,false],"trp-custom-language-flag":["https:\/\/oyiana.com\/wp-content\/uploads\/2023\/11\/Windows_11_Pro-12x12.jpeg",12,12,true],"woocommerce_thumbnail":["https:\/\/oyiana.com\/wp-content\/uploads\/2023\/11\/Windows_11_Pro-300x300.jpeg",300,300,true],"woocommerce_single":["https:\/\/oyiana.com\/wp-content\/uploads\/2023\/11\/Windows_11_Pro-600x600.jpeg",600,600,true],"woocommerce_gallery_thumbnail":["https:\/\/oyiana.com\/wp-content\/uploads\/2023\/11\/Windows_11_Pro-100x100.jpeg",100,100,true],"dgwt-wcas-product-suggestion":["https:\/\/oyiana.com\/wp-content\/uploads\/2023\/11\/Windows_11_Pro.jpeg",64,64,false]},"uagb_author_info":{"display_name":"Oyiana Agency","author_link":"https:\/\/oyiana.com\/en\/blog\/author\/"},"uagb_comment_info":32,"uagb_excerpt":"Licence valide \u00e0 vie, valable pour 1 PC, r\u00e9ception par mail du code d'activation + lien de t\u00e9l\u00e9chargement rapide (24h maximum). Possibilit\u00e9 d'\u00eatre assist\u00e9 par nos \u00e9quipes lors de l'installation et de l'activation du produit.","_links":{"self":[{"href":"https:\/\/oyiana.com\/en\/wp-json\/wp\/v2\/product\/6930","targetHints":{"allow":["GET"]}}],"collection":[{"href":"https:\/\/oyiana.com\/en\/wp-json\/wp\/v2\/product"}],"about":[{"href":"https:\/\/oyiana.com\/en\/wp-json\/wp\/v2\/types\/product"}],"replies":[{"embeddable":true,"href":"https:\/\/oyiana.com\/en\/wp-json\/wp\/v2\/comments?post=6930"}],"wp:featuredmedia":[{"embeddable":true,"href":"https:\/\/oyiana.com\/en\/wp-json\/wp\/v2\/media\/6928"}],"wp:attachment":[{"href":"https:\/\/oyiana.com\/en\/wp-json\/wp\/v2\/media?parent=6930"}],"wp:term":[{"taxonomy":"product_brand","embeddable":true,"href":"https:\/\/oyiana.com\/en\/wp-json\/wp\/v2\/product_brand?post=6930"},{"taxonomy":"product_cat","embeddable":true,"href":"https:\/\/oyiana.com\/en\/wp-json\/wp\/v2\/product_cat?post=6930"},{"taxonomy":"product_tag","embeddable":true,"href":"https:\/\/oyiana.com\/en\/wp-json\/wp\/v2\/product_tag?post=6930"}],"curies":[{"name":"wp","href":"https:\/\/api.w.org\/{rel}","templated":true}]}}